{"id":28706,"date":"2017-03-29T08:13:52","date_gmt":"2017-03-29T08:13:52","guid":{"rendered":"https:\/\/visegradlegal.hu\/impresszum\/"},"modified":"2024-10-09T08:49:49","modified_gmt":"2024-10-09T08:49:49","slug":"impressum","status":"publish","type":"page","link":"https:\/\/visegradlegal.hu\/en\/impressum\/","title":{"rendered":"Impressum"},"content":{"rendered":"<p>[et_pb_section fb_built=&#8221;1&#8243; _builder_version=&#8221;4.16&#8243; custom_padding=&#8221;20px||0px|&#8221; transparent_background=&#8221;off&#8221; make_fullwidth=&#8221;off&#8221; use_custom_width=&#8221;off&#8221; width_unit=&#8221;on&#8221; global_colors_info=&#8221;{}&#8221;][et_pb_row _builder_version=&#8221;4.16&#8243; background_size=&#8221;initial&#8221; background_position=&#8221;top_left&#8221; background_repeat=&#8221;repeat&#8221; global_colors_info=&#8221;{}&#8221;][et_pb_column type=&#8221;4_4&#8243; _builder_version=&#8221;4.16&#8243; custom_padding=&#8221;|||&#8221; global_colors_info=&#8221;{}&#8221; custom_padding__hover=&#8221;|||&#8221;][et_pb_text _builder_version=&#8221;4.24.1&#8243; text_text_color=&#8221;#ea2043&#8243; text_font_size=&#8221;34&#8243; background_size=&#8221;initial&#8221; background_position=&#8221;top_left&#8221; background_repeat=&#8221;repeat&#8221; text_orientation=&#8221;center&#8221; module_alignment=&#8221;center&#8221; text_font_size_tablet=&#8221;22&#8243; text_font_size_phone=&#8221;&#8221; text_font_size_last_edited=&#8221;on|phone&#8221; use_border_color=&#8221;off&#8221; border_color=&#8221;#ffffff&#8221; border_style=&#8221;solid&#8221; global_colors_info=&#8221;{}&#8221;]<\/p>\n<p><strong>IMPRESSUM<\/strong><\/p>\n<p>[\/et_pb_text][\/et_pb_column][\/et_pb_row][\/et_pb_section][et_pb_section fb_built=&#8221;1&#8243; _builder_version=&#8221;4.16&#8243; global_colors_info=&#8221;{}&#8221;][et_pb_row _builder_version=&#8221;4.16&#8243; background_size=&#8221;initial&#8221; background_position=&#8221;top_left&#8221; background_repeat=&#8221;repeat&#8221; global_colors_info=&#8221;{}&#8221;][et_pb_column type=&#8221;4_4&#8243; _builder_version=&#8221;4.16&#8243; custom_padding=&#8221;|||&#8221; global_colors_info=&#8221;{}&#8221; custom_padding__hover=&#8221;|||&#8221;][et_pb_text _builder_version=&#8221;4.27.0&#8243; background_size=&#8221;initial&#8221; background_position=&#8221;top_left&#8221; background_repeat=&#8221;repeat&#8221; hover_enabled=&#8221;0&#8243; use_border_color=&#8221;off&#8221; global_colors_info=&#8221;{}&#8221; sticky_enabled=&#8221;0&#8243;]<\/p>\n<table width=\"0\">\n<tbody>\n<tr>\n<td width=\"322\">Name of the service provider:<\/td>\n<td width=\"379\">Ill\u00e9s \u00c1d\u00e1m Law Office<\/td>\n<td width=\"379\">J\u00f3zsef N\u00e9meth Law Firm<\/td>\n<td width=\"7\">\u00a0<\/td>\n<\/tr>\n<tr>\n<td width=\"322\">Registered office of the service provider:<\/td>\n<td width=\"379\">H-1052 Budapest Semmelweis utca 14. 3.em 11.<\/td>\n<td colspan=\"2\" width=\"386\">H-1052 Budapest Semmelweis utca 14. 3.em 11.<\/td>\n<\/tr>\n<tr>\n<td width=\"322\">Contact details of the service provider:<\/td>\n<td width=\"379\">+36 1\u00a0792 6744<\/td>\n<td width=\"379\">+361 787 2136<\/td>\n<td width=\"7\">\u00a0<\/td>\n<\/tr>\n<tr>\n<td width=\"322\">Authority registering the provider:<\/td>\n<td width=\"379\">Budapest Bar Association<\/td>\n<td width=\"379\">Budapest Bar Association<\/td>\n<td width=\"7\">\u00a0<\/td>\n<\/tr>\n<tr>\n<td width=\"322\">VAT number:<\/td>\n<td width=\"379\">18397468-2-41<\/td>\n<td width=\"379\">18409318-2-41<\/td>\n<td width=\"7\">\u00a0<\/td>\n<\/tr>\n<tr>\n<td width=\"322\">Official approval:<\/td>\n<td width=\"379\">\u2013<\/td>\n<td width=\"379\">\u2013<\/td>\n<td width=\"7\">\u00a0<\/td>\n<\/tr>\n<tr>\n<td>Chamber:<\/td>\n<td>Budapest Bar Association<\/td>\n<td>Budapest Bar Association<\/td>\n<td width=\"7\">\u00a0<\/td>\n<\/tr>\n<\/tbody>\n<\/table>\n<p>&nbsp;<\/p>\n<p>Details of the hosting service provider<\/p>\n<p style=\"padding-left: 40px;\">Name: Inclust Systems Kft.<br \/>Headquarters: H-1054 Budapest, Honv\u00e9d utca 8. 1\/2.<br \/>Tax number: 14492327-2-41<br \/>E-mail: support@inclust.com<\/p>\n<p>[\/et_pb_text][\/et_pb_column][\/et_pb_row][\/et_pb_section]<\/p>\n","protected":false},"excerpt":{"rendered":"<p>IMPRESSUM Name of the service provider: Ill\u00e9s \u00c1d\u00e1m Law Office J\u00f3zsef N\u00e9meth Law Firm \u00a0 Registered office of the service provider: H-1052 Budapest Semmelweis utca 14. 3.em 11. H-1052 Budapest Semmelweis utca 14. 3.em 11. Contact details of the service provider: +36 1\u00a0792 6744 +361 787 2136 \u00a0 Authority registering the provider: Budapest Bar Association [&hellip;]<\/p>\n","protected":false},"author":1,"featured_media":0,"parent":0,"menu_order":0,"comment_status":"closed","ping_status":"closed","template":"","meta":{"_et_pb_use_builder":"on","_et_pb_old_content":"","_et_gb_content_width":"","footnotes":""},"class_list":["post-28706","page","type-page","status-publish","hentry"],"yoast_head":"<!-- This site is optimized with the Yoast SEO plugin v27.2 - https:\/\/yoast.com\/product\/yoast-seo-wordpress\/ -->\n<title>Impressum - Ill\u00e9s&amp;N\u00e9meth Association of Lawyers<\/title>\n<meta name=\"robots\" content=\"index, follow, max-snippet:-1, max-image-preview:large, max-video-preview:-1\" \/>\n<link rel=\"canonical\" href=\"https:\/\/visegradlegal.hu\/en\/impressum\/\" \/>\n<meta property=\"og:locale\" content=\"en_US\" \/>\n<meta property=\"og:type\" content=\"article\" \/>\n<meta property=\"og:title\" content=\"Impressum - Ill\u00e9s&amp;N\u00e9meth Association of Lawyers\" \/>\n<meta property=\"og:description\" content=\"IMPRESSUM Name of the service provider: Ill\u00e9s \u00c1d\u00e1m Law Office J\u00f3zsef N\u00e9meth Law Firm \u00a0 Registered office of the service provider: H-1052 Budapest Semmelweis utca 14. 3.em 11. H-1052 Budapest Semmelweis utca 14. 3.em 11. Contact details of the service provider: +36 1\u00a0792 6744 +361 787 2136 \u00a0 Authority registering the provider: Budapest Bar Association [&hellip;]\" \/>\n<meta property=\"og:url\" content=\"https:\/\/visegradlegal.hu\/en\/impressum\/\" \/>\n<meta property=\"og:site_name\" content=\"Ill\u00e9s&amp;N\u00e9meth Association of Lawyers\" \/>\n<meta property=\"article:modified_time\" content=\"2024-10-09T08:49:49+00:00\" \/>\n<meta property=\"og:image\" content=\"https:\/\/visegradlegal.hu\/wp-content\/uploads\/2021\/01\/Illes-Ugyvedi-Iroda-og.jpg\" \/>\n\t<meta property=\"og:image:width\" content=\"1125\" \/>\n\t<meta property=\"og:image:height\" content=\"633\" \/>\n\t<meta property=\"og:image:type\" content=\"image\/jpeg\" \/>\n<meta name=\"twitter:card\" content=\"summary_large_image\" \/>\n<meta name=\"twitter:label1\" content=\"Est. reading time\" \/>\n\t<meta name=\"twitter:data1\" content=\"1 minute\" \/>\n<script type=\"application\/ld+json\" class=\"yoast-schema-graph\">{\"@context\":\"https:\/\/schema.org\",\"@graph\":[{\"@type\":\"WebPage\",\"@id\":\"https:\/\/visegradlegal.hu\/en\/impressum\/\",\"url\":\"https:\/\/visegradlegal.hu\/en\/impressum\/\",\"name\":\"Impressum - Ill\u00e9s&N\u00e9meth Association of Lawyers\",\"isPartOf\":{\"@id\":\"https:\/\/visegradlegal.hu\/#website\"},\"datePublished\":\"2017-03-29T08:13:52+00:00\",\"dateModified\":\"2024-10-09T08:49:49+00:00\",\"breadcrumb\":{\"@id\":\"https:\/\/visegradlegal.hu\/en\/impressum\/#breadcrumb\"},\"inLanguage\":\"en-US\",\"potentialAction\":[{\"@type\":\"ReadAction\",\"target\":[\"https:\/\/visegradlegal.hu\/en\/impressum\/\"]}]},{\"@type\":\"BreadcrumbList\",\"@id\":\"https:\/\/visegradlegal.hu\/en\/impressum\/#breadcrumb\",\"itemListElement\":[{\"@type\":\"ListItem\",\"position\":1,\"name\":\"Home\",\"item\":\"https:\/\/visegradlegal.hu\/\"},{\"@type\":\"ListItem\",\"position\":2,\"name\":\"Impressum\"}]},{\"@type\":\"WebSite\",\"@id\":\"https:\/\/visegradlegal.hu\/#website\",\"url\":\"https:\/\/visegradlegal.hu\/\",\"name\":\"Ill\u00e9s&N\u00e9meth Association of Lawyers\",\"description\":\"\",\"potentialAction\":[{\"@type\":\"SearchAction\",\"target\":{\"@type\":\"EntryPoint\",\"urlTemplate\":\"https:\/\/visegradlegal.hu\/?s={search_term_string}\"},\"query-input\":{\"@type\":\"PropertyValueSpecification\",\"valueRequired\":true,\"valueName\":\"search_term_string\"}}],\"inLanguage\":\"en-US\"}]}<\/script>\n<!-- \/ Yoast SEO plugin. -->","yoast_head_json":{"title":"Impressum - Ill\u00e9s&N\u00e9meth Association of Lawyers","robots":{"index":"index","follow":"follow","max-snippet":"max-snippet:-1","max-image-preview":"max-image-preview:large","max-video-preview":"max-video-preview:-1"},"canonical":"https:\/\/visegradlegal.hu\/en\/impressum\/","og_locale":"en_US","og_type":"article","og_title":"Impressum - Ill\u00e9s&N\u00e9meth Association of Lawyers","og_description":"IMPRESSUM Name of the service provider: Ill\u00e9s \u00c1d\u00e1m Law Office J\u00f3zsef N\u00e9meth Law Firm \u00a0 Registered office of the service provider: H-1052 Budapest Semmelweis utca 14. 3.em 11. H-1052 Budapest Semmelweis utca 14. 3.em 11. Contact details of the service provider: +36 1\u00a0792 6744 +361 787 2136 \u00a0 Authority registering the provider: Budapest Bar Association [&hellip;]","og_url":"https:\/\/visegradlegal.hu\/en\/impressum\/","og_site_name":"Ill\u00e9s&N\u00e9meth Association of Lawyers","article_modified_time":"2024-10-09T08:49:49+00:00","og_image":[{"width":1125,"height":633,"url":"https:\/\/visegradlegal.hu\/wp-content\/uploads\/2021\/01\/Illes-Ugyvedi-Iroda-og.jpg","type":"image\/jpeg"}],"twitter_card":"summary_large_image","twitter_misc":{"Est. reading time":"1 minute"},"schema":{"@context":"https:\/\/schema.org","@graph":[{"@type":"WebPage","@id":"https:\/\/visegradlegal.hu\/en\/impressum\/","url":"https:\/\/visegradlegal.hu\/en\/impressum\/","name":"Impressum - Ill\u00e9s&N\u00e9meth Association of Lawyers","isPartOf":{"@id":"https:\/\/visegradlegal.hu\/#website"},"datePublished":"2017-03-29T08:13:52+00:00","dateModified":"2024-10-09T08:49:49+00:00","breadcrumb":{"@id":"https:\/\/visegradlegal.hu\/en\/impressum\/#breadcrumb"},"inLanguage":"en-US","potentialAction":[{"@type":"ReadAction","target":["https:\/\/visegradlegal.hu\/en\/impressum\/"]}]},{"@type":"BreadcrumbList","@id":"https:\/\/visegradlegal.hu\/en\/impressum\/#breadcrumb","itemListElement":[{"@type":"ListItem","position":1,"name":"Home","item":"https:\/\/visegradlegal.hu\/"},{"@type":"ListItem","position":2,"name":"Impressum"}]},{"@type":"WebSite","@id":"https:\/\/visegradlegal.hu\/#website","url":"https:\/\/visegradlegal.hu\/","name":"Ill\u00e9s&N\u00e9meth Association of Lawyers","description":"","potentialAction":[{"@type":"SearchAction","target":{"@type":"EntryPoint","urlTemplate":"https:\/\/visegradlegal.hu\/?s={search_term_string}"},"query-input":{"@type":"PropertyValueSpecification","valueRequired":true,"valueName":"search_term_string"}}],"inLanguage":"en-US"}]}},"_links":{"self":[{"href":"https:\/\/visegradlegal.hu\/en\/wp-json\/wp\/v2\/pages\/28706","targetHints":{"allow":["GET"]}}],"collection":[{"href":"https:\/\/visegradlegal.hu\/en\/wp-json\/wp\/v2\/pages"}],"about":[{"href":"https:\/\/visegradlegal.hu\/en\/wp-json\/wp\/v2\/types\/page"}],"author":[{"embeddable":true,"href":"https:\/\/visegradlegal.hu\/en\/wp-json\/wp\/v2\/users\/1"}],"replies":[{"embeddable":true,"href":"https:\/\/visegradlegal.hu\/en\/wp-json\/wp\/v2\/comments?post=28706"}],"version-history":[{"count":0,"href":"https:\/\/visegradlegal.hu\/en\/wp-json\/wp\/v2\/pages\/28706\/revisions"}],"wp:attachment":[{"href":"https:\/\/visegradlegal.hu\/en\/wp-json\/wp\/v2\/media?parent=28706"}],"curies":[{"name":"wp","href":"https:\/\/api.w.org\/{rel}","templated":true}]}}