{"id":27097,"date":"2021-06-24T18:58:48","date_gmt":"2021-06-24T18:58:48","guid":{"rendered":"https:\/\/visegradlegal.hu\/adatkezelesi-tajekoztato-elektronikus-hirlevelkuldessel-kapcsolatos-adatkezelesrol\/"},"modified":"2024-10-09T08:49:44","modified_gmt":"2024-10-09T08:49:44","slug":"privacy-notice-on-data-management-in-relation-to-electronic-newsletters","status":"publish","type":"page","link":"https:\/\/visegradlegal.hu\/en\/privacy-notice-on-data-management-in-relation-to-electronic-newsletters\/","title":{"rendered":"Privacy notice on data management in relation to electronic newsletters"},"content":{"rendered":"<p>[et_pb_section fb_built=&#8221;1&#8243; _builder_version=&#8221;4.16&#8243; custom_padding=&#8221;20px||0px|&#8221; transparent_background=&#8221;off&#8221; global_colors_info=&#8221;{}&#8221;][et_pb_row _builder_version=&#8221;4.16&#8243; background_size=&#8221;initial&#8221; background_position=&#8221;top_left&#8221; background_repeat=&#8221;repeat&#8221; global_colors_info=&#8221;{}&#8221;][et_pb_column type=&#8221;4_4&#8243; _builder_version=&#8221;4.16&#8243; custom_padding=&#8221;|||&#8221; global_colors_info=&#8221;{}&#8221; custom_padding__hover=&#8221;|||&#8221;][et_pb_text _builder_version=&#8221;4.16&#8243; text_font=&#8221;|||on|||||&#8221; text_text_color=&#8221;#ea2043&#8243; text_font_size=&#8221;34&#8243; text_line_height=&#8221;1.4em&#8221; header_line_height=&#8221;1.4em&#8221; background_size=&#8221;initial&#8221; background_position=&#8221;top_left&#8221; background_repeat=&#8221;repeat&#8221; text_orientation=&#8221;center&#8221; module_alignment=&#8221;center&#8221; text_font_size_tablet=&#8221;22&#8243; text_font_size_phone=&#8221;&#8221; text_font_size_last_edited=&#8221;on|phone&#8221; use_border_color=&#8221;off&#8221; border_color=&#8221;#ffffff&#8221; border_style=&#8221;solid&#8221; global_colors_info=&#8221;{}&#8221;]<\/p>\n<p style=\"text-align: center;\"><strong>Privacy notice on data management in relation to electronic newsletters<\/strong><\/p>\n<p>[\/et_pb_text][\/et_pb_column][\/et_pb_row][et_pb_row _builder_version=&#8221;4.16&#8243; background_size=&#8221;initial&#8221; background_position=&#8221;top_left&#8221; background_repeat=&#8221;repeat&#8221; global_colors_info=&#8221;{}&#8221;][et_pb_column type=&#8221;4_4&#8243; _builder_version=&#8221;4.16&#8243; custom_padding=&#8221;|||&#8221; global_colors_info=&#8221;{}&#8221; custom_padding__hover=&#8221;|||&#8221;][et_pb_text _builder_version=&#8221;4.27.0&#8243; background_size=&#8221;initial&#8221; background_position=&#8221;top_left&#8221; background_repeat=&#8221;repeat&#8221; hover_enabled=&#8221;0&#8243; use_border_color=&#8221;off&#8221; border_color=&#8221;#ffffff&#8221; border_style=&#8221;solid&#8221; global_colors_info=&#8221;{}&#8221; sticky_enabled=&#8221;0&#8243;]<\/p>\n<p>Members of the <strong>Ill\u00e9s &amp; N\u00e9meth Association of Attorneys-at-Law <\/strong>(separately: the \u201eController\u201d, jointly: the \u201eControllers\u201d) provides the following information regarding their direct marketing activity according to articles 13 and 14 of the <em>REGULATION (EU) 2016\/679 OF THE EUROPEAN PARLIAMENT AND OF THE COUNCIL of 27 April 2016 on the protection of natural persons with regard to the processing of personal data and on the free movement of such data, and repealing Directive 95\/46\/EC<\/em> (GDPR).<\/p>\n<p>Identity and the contact details of the Controllers<\/p>\n<table width=\"727\">\n<tbody>\n<tr>\n<td style=\"width: 198.975px;\">Name<\/td>\n<td style=\"width: 254.9px;\">Ill\u00e9s Law Office<\/td>\n<td style=\"width: 254.325px;\">N\u00e9meth J\u00f3zsef Law Firm<\/td>\n<\/tr>\n<tr>\n<td style=\"width: 198.975px;\">Registered seat<\/td>\n<td style=\"width: 254.9px;\">1052 Budapest Semmelweis utca 14. 3.em 11.<\/td>\n<td style=\"width: 254.325px;\">1052 Budapest Semmelweis utca 14. 3.em 11.<\/td>\n<\/tr>\n<tr>\n<td style=\"width: 198.975px;\">Webpage<\/td>\n<td style=\"width: 254.9px;\">https:\/\/visegradlegal.hu\/<\/td>\n<td style=\"width: 254.325px;\">http:\/\/nemethlegal.hu\/<\/td>\n<\/tr>\n<tr>\n<td style=\"width: 198.975px;\">Postal address<\/td>\n<td style=\"width: 254.9px;\">1052 Budapest Semmelweis utca 14. 3.em 11.<\/td>\n<td style=\"width: 254.325px;\">1052 Budapest Semmelweis utca 14. 3.em 11.<\/td>\n<\/tr>\n<tr>\n<td style=\"width: 198.975px;\">E-mail address<\/td>\n<td style=\"width: 254.9px;\"><a href=\"mailto:illes@illes-law.hu\">illes@illes-law.hu<\/a><\/td>\n<td style=\"width: 254.325px;\"><a href=\"mailto:jozsef.nemeth@nemethlegal.hu\">jozsef.nemeth@nemethlegal.hu<\/a><\/td>\n<\/tr>\n<tr>\n<td style=\"width: 198.975px;\">Representative<\/td>\n<td style=\"width: 254.9px;\">Dr. Ill\u00e9s \u00c1d\u00e1m irodavezet\u0151 \u00fcgyv\u00e9d<\/td>\n<td style=\"width: 254.325px;\">Dr. N\u00e9meth J\u00f3zsef irodavezet\u0151 \u00fcgyv\u00e9d<\/td>\n<\/tr>\n<\/tbody>\n<\/table>\n<p>&nbsp;<\/p>\n<p>Data controllers are considered to be joint controllers who carry out data processing activities in the form of sending electronic information newsletter.<\/p>\n<table>\n<thead>\n<tr>\n<td width=\"338\"><strong>Description and purpose of data processing<\/strong><\/td>\n<td width=\"190\"><strong>Legal basis<\/strong><\/td>\n<td width=\"194\"><strong>Processed personal data<\/strong><\/td>\n<td width=\"210\"><strong>Period of data processing<\/strong><\/td>\n<\/tr>\n<\/thead>\n<tbody>\n<tr>\n<td width=\"338\">\n<p><strong>Sending newsletter<\/strong><\/p>\n<p>The purpose of the data processing is to inform, clients and interested parties about current legal issues, new legislation and court and administrative decisions of relevance to business life.<\/p>\n<\/td>\n<td width=\"190\">legitimate interest<\/td>\n<td width=\"194\">\n<p>\u00b7\u00a0\u00a0\u00a0\u00a0\u00a0\u00a0\u00a0 name of representative of companies<\/p>\n<p>\u00b7\u00a0\u00a0\u00a0\u00a0\u00a0\u00a0\u00a0 name of data subject<\/p>\n<p>\u00b7\u00a0\u00a0\u00a0\u00a0\u00a0\u00a0\u00a0 e-mail address<\/p>\n<\/td>\n<td width=\"210\">\n<p>until the data subject objects to the processing<\/p>\n<p>(With the addition that Controllers review the necessity of the data processing every three years)<\/p>\n<\/td>\n<\/tr>\n<tr>\n<td colspan=\"4\">\n<p>Source of the personal data processed by the Controller: the newsletter is sent by the Controllers to their existing clients and to potential clients interested in the legal services provided by the Controllers &#8211; the sending of the newsletter is based on the contact initiated by the clients.<\/p>\n<p><strong>Data processor:<\/strong><\/p>\n<p>Arsboni Kft.<\/p>\n<p>Registered address: 1149 Budapest, Egressy \u00fat 46\/B. 1. em. 3.<\/p>\n<p>Email: arsboni@arsboni.hu<\/p>\n<p>The Controllers process personal data on the basis of their legitimate interest of direct marketing activities for the purpose of informing the recipients about the economic activities of the Controllers. The Controllers have assessed the legitimate interests underlying the processing activity, the necessity of the processing and the impact of the activity on the rights and freedoms of data subjects.<\/p>\n<\/td>\n<\/tr>\n<\/tbody>\n<\/table>\n<p>The Data Controllers shall transmit the personal data processed to the competent authorities in cases specified by law, upon request by public authorities.<\/p>\n<p><strong>RIGHTS OF DATA SUBJECTS<\/strong><\/p>\n<p>The natural persons concerned by the data processing have the following rights related to the data processing.<\/p>\n<p><strong>1. <\/strong><strong>Right of access:<\/strong><\/p>\n<p>Data subjects have the right to obtain confirmation using the given contacts as to whether or not personal data concerning them are being processed and, where that is the case, access to the personal data and the following information:<\/p>\n<p style=\"padding-left: 40px;\">a) the purposes of the processing,<\/p>\n<p style=\"padding-left: 40px;\">b) the categories of personal data concerned,<\/p>\n<p style=\"padding-left: 40px;\">c) the recipients or categories of recipient to whom the personal data have been or will be disclosed,<\/p>\n<p style=\"padding-left: 40px;\">d) the envisaged period for which the personal data will be stored,<\/p>\n<p style=\"padding-left: 40px;\">e) the existence of the right to request from the controller rectification or erasure of personal data or restriction of processing of personal data concerning the data subject or to object to such processing,<\/p>\n<p style=\"padding-left: 40px;\">f) the right to lodge a complaint,<\/p>\n<p style=\"padding-left: 40px;\">g) the existence of automated decision-making, including profiling, and information about the logic involved, as well as the significance and the envisaged consequences of such processing for you.<\/p>\n<p>Information shall be provided without undue delay, in one month from receiving your request. Primarily, Controllers provide information in the same form as the request is received.<\/p>\n<p>Controllers provide information free for the first time in each calendar year. For requests filed repeatedly for the same scope of data, Controllers may charge administrational fees, provided that no infringement found and no rectification was necessary.<\/p>\n<p>Gross administrational fee shall be 1,000 HUF per personal data<\/p>\n<p><strong>2. Rectification<\/strong><\/p>\n<p>In case personal data processed by the Controller is inaccurate, and accurate data is available or sent them, the Controller will rectify such personal data.<\/p>\n<p><strong>3. Erasure of personal data<\/strong><\/p>\n<p>Controller erase processed personal data if:<\/p>\n<p style=\"padding-left: 40px;\">a)\u00a0\u00a0\u00a0\u00a0\u00a0 it has been unlawfully processed;<\/p>\n<p style=\"padding-left: 40px;\">b)\u00a0\u00a0\u00a0\u00a0 you withdraw your consent and there is no other legal ground for the processing;<\/p>\n<p style=\"padding-left: 40px;\">c)\u00a0\u00a0\u00a0\u00a0\u00a0 you object to the processing<\/p>\n<p style=\"padding-left: 40px;\">d)\u00a0\u00a0\u00a0\u00a0 it is no longer necessary in relation to the purposes for which they were collected or otherwise processed;<\/p>\n<p style=\"padding-left: 40px;\">e)\u00a0\u00a0\u00a0\u00a0\u00a0 it has to be erased for compliance with a legal obligation.<\/p>\n<p><strong>4. Right to restriction<\/strong><\/p>\n<p>Restriction of the data processing shall take place in the following cases:<\/p>\n<p style=\"padding-left: 40px;\">a) if the data subject contests the accuracy of the personal data (for the period of verifying accuracy)<\/p>\n<p style=\"padding-left: 40px;\">b) if the processing is unlawful and the data subject do not request erasure,<\/p>\n<p style=\"padding-left: 40px;\">c) if the Controllers do not need the personal data for the purposes of the processing any more, but they are required by you for the establishment, exercise or defence of legal claims;<\/p>\n<p style=\"padding-left: 40px;\">d) if the data subject objects to processing (for the period of studying the objection assessing whether legitimate interests of the Controllers or the data subjects shall prevail)<\/p>\n<p>In case of restriction of processing, the Controllers will not process the concerned personal data (except from storage). Controllers will send prior notification before lifting restrictions.<\/p>\n<p><strong>5. Objection<\/strong><\/p>\n<p>Data subjects may object to the process of your personal data, for the purpose of direct marketing. The data subject can communicate the objection by clicking on the link provided in the newsletter.<\/p>\n<p><strong>6. Lodging a complaint<\/strong><\/p>\n<p>In case the data subject believes that the data processing is detrimental, he\/she may lodge a complaint with the Hungarian National Authority for Data Protection and Freedom of Information (Nemzeti Adatv\u00e9delmi \u00e9s Inform\u00e1ci\u00f3szabads\u00e1g Hat\u00f3s\u00e1g)<\/p>\n<p><strong>7. Data portability<\/strong><\/p>\n<p>On request, Controllers will send the personal data concerning the data subjects, in a structured, commonly used and machine-readable format.<\/p>\n<p><strong>8. Compensation for damages, restitution<\/strong><\/p>\n<p>If the Controllers cause the data subjects or others any damage by unlawful or unsafe processing of personal data, the person suffered damage is entitled to claim compensation for damages. In case the harm affects rights relating to personality, the affected person shall be entitled to claim for restitution. Controllers shall not bear liability if the damages are the result of an unavoidable cause beyond the course of processing or caused by the data subject\u2019s intentional or grossly negligent behavior<\/p>\n<p><strong>Exercising claims<\/strong><\/p>\n<p><strong>1. Contacting the Controllers<\/strong><\/p>\n<p>If the data subjects believe that the Controllers do not act lawfully processing the personal data, they first should share their comment with the controllers first to deal with it the fastest and most effective way.<\/p>\n<p><strong>2. Hungarian National Authority for Data Protection and Freedom of Information (Nemzeti Adatv\u00e9delmi \u00e9s Inform\u00e1ci\u00f3szabads\u00e1g Hat\u00f3s\u00e1g, NAIH)<\/strong><\/p>\n<p>In case of unlawful processing, data subjects may lodge a complaint with NAIH.<\/p>\n<p>Contacts of NAIH:<br \/>webpage: http:\/\/www.naih.hu\/<br \/>address: 1055 Budapest Falk Miksa u. 9-11.<br \/>postal address: 1363 Budapest, Pf.: 9.<br \/>e-mail: ugyfelszolgalat@naih.hu<\/p>\n<p><strong>3. Going to court<\/strong><\/p>\n<p>Data subjects are entitled to exercise their claims in front of court. General courts shall have competence of the procedure. Data subjects may initiate trial on the general court that has jurisdiction either in their residential address or the Controller\u2019s registered seat.<\/p>\n<p>&nbsp;<\/p>\n<p>[\/et_pb_text][\/et_pb_column][\/et_pb_row][\/et_pb_section]<\/p>\n","protected":false},"excerpt":{"rendered":"<p>Privacy notice on data management in relation to electronic newslettersMembers of the Ill\u00e9s &amp; N\u00e9meth Association of Attorneys-at-Law (separately: the \u201eController\u201d, jointly: the \u201eControllers\u201d) provides the following information regarding their direct marketing activity according to articles 13 and 14 of the REGULATION (EU) 2016\/679 OF THE EUROPEAN PARLIAMENT AND OF THE COUNCIL of 27 April [&hellip;]<\/p>\n","protected":false},"author":1,"featured_media":0,"parent":0,"menu_order":0,"comment_status":"closed","ping_status":"closed","template":"","meta":{"_et_pb_use_builder":"on","_et_pb_old_content":"","_et_gb_content_width":"","footnotes":""},"class_list":["post-27097","page","type-page","status-publish","hentry"],"yoast_head":"<!-- This site is optimized with the Yoast SEO plugin v27.2 - https:\/\/yoast.com\/product\/yoast-seo-wordpress\/ -->\n<title>Privacy notice on data management in relation to electronic newsletters<\/title>\n<meta name=\"description\" content=\"Adatkezel\u00e9si t\u00e1j\u00e9koztat\u00f3\" \/>\n<meta name=\"robots\" content=\"index, follow, max-snippet:-1, max-image-preview:large, max-video-preview:-1\" \/>\n<link rel=\"canonical\" href=\"https:\/\/visegradlegal.hu\/en\/privacy-notice-on-data-management-in-relation-to-electronic-newsletters\/\" \/>\n<meta property=\"og:locale\" content=\"en_US\" \/>\n<meta property=\"og:type\" content=\"article\" \/>\n<meta property=\"og:title\" content=\"Privacy notice on data management in relation to electronic newsletters\" \/>\n<meta property=\"og:description\" content=\"Adatkezel\u00e9si t\u00e1j\u00e9koztat\u00f3\" \/>\n<meta property=\"og:url\" content=\"https:\/\/visegradlegal.hu\/en\/privacy-notice-on-data-management-in-relation-to-electronic-newsletters\/\" \/>\n<meta property=\"og:site_name\" content=\"Ill\u00e9s&amp;N\u00e9meth Association of Lawyers\" \/>\n<meta property=\"article:modified_time\" content=\"2024-10-09T08:49:44+00:00\" \/>\n<meta property=\"og:image\" content=\"https:\/\/visegradlegal.hu\/wp-content\/uploads\/2021\/01\/Illes-Ugyvedi-Iroda-og.jpg\" \/>\n\t<meta property=\"og:image:width\" content=\"1125\" \/>\n\t<meta property=\"og:image:height\" content=\"633\" \/>\n\t<meta property=\"og:image:type\" content=\"image\/jpeg\" \/>\n<meta name=\"twitter:card\" content=\"summary_large_image\" \/>\n<meta name=\"twitter:label1\" content=\"Est. reading time\" \/>\n\t<meta name=\"twitter:data1\" content=\"6 minutes\" \/>\n<script type=\"application\/ld+json\" class=\"yoast-schema-graph\">{\"@context\":\"https:\/\/schema.org\",\"@graph\":[{\"@type\":\"WebPage\",\"@id\":\"https:\/\/visegradlegal.hu\/en\/privacy-notice-on-data-management-in-relation-to-electronic-newsletters\/\",\"url\":\"https:\/\/visegradlegal.hu\/en\/privacy-notice-on-data-management-in-relation-to-electronic-newsletters\/\",\"name\":\"Privacy notice on data management in relation to electronic newsletters\",\"isPartOf\":{\"@id\":\"https:\/\/visegradlegal.hu\/#website\"},\"datePublished\":\"2021-06-24T18:58:48+00:00\",\"dateModified\":\"2024-10-09T08:49:44+00:00\",\"description\":\"Adatkezel\u00e9si t\u00e1j\u00e9koztat\u00f3\",\"breadcrumb\":{\"@id\":\"https:\/\/visegradlegal.hu\/en\/privacy-notice-on-data-management-in-relation-to-electronic-newsletters\/#breadcrumb\"},\"inLanguage\":\"en-US\",\"potentialAction\":[{\"@type\":\"ReadAction\",\"target\":[\"https:\/\/visegradlegal.hu\/en\/privacy-notice-on-data-management-in-relation-to-electronic-newsletters\/\"]}]},{\"@type\":\"BreadcrumbList\",\"@id\":\"https:\/\/visegradlegal.hu\/en\/privacy-notice-on-data-management-in-relation-to-electronic-newsletters\/#breadcrumb\",\"itemListElement\":[{\"@type\":\"ListItem\",\"position\":1,\"name\":\"Home\",\"item\":\"https:\/\/visegradlegal.hu\/\"},{\"@type\":\"ListItem\",\"position\":2,\"name\":\"Privacy notice on data management in relation to electronic newsletters\"}]},{\"@type\":\"WebSite\",\"@id\":\"https:\/\/visegradlegal.hu\/#website\",\"url\":\"https:\/\/visegradlegal.hu\/\",\"name\":\"Ill\u00e9s&N\u00e9meth Association of Lawyers\",\"description\":\"\",\"potentialAction\":[{\"@type\":\"SearchAction\",\"target\":{\"@type\":\"EntryPoint\",\"urlTemplate\":\"https:\/\/visegradlegal.hu\/?s={search_term_string}\"},\"query-input\":{\"@type\":\"PropertyValueSpecification\",\"valueRequired\":true,\"valueName\":\"search_term_string\"}}],\"inLanguage\":\"en-US\"}]}<\/script>\n<!-- \/ Yoast SEO plugin. -->","yoast_head_json":{"title":"Privacy notice on data management in relation to electronic newsletters","description":"Adatkezel\u00e9si t\u00e1j\u00e9koztat\u00f3","robots":{"index":"index","follow":"follow","max-snippet":"max-snippet:-1","max-image-preview":"max-image-preview:large","max-video-preview":"max-video-preview:-1"},"canonical":"https:\/\/visegradlegal.hu\/en\/privacy-notice-on-data-management-in-relation-to-electronic-newsletters\/","og_locale":"en_US","og_type":"article","og_title":"Privacy notice on data management in relation to electronic newsletters","og_description":"Adatkezel\u00e9si t\u00e1j\u00e9koztat\u00f3","og_url":"https:\/\/visegradlegal.hu\/en\/privacy-notice-on-data-management-in-relation-to-electronic-newsletters\/","og_site_name":"Ill\u00e9s&N\u00e9meth Association of Lawyers","article_modified_time":"2024-10-09T08:49:44+00:00","og_image":[{"width":1125,"height":633,"url":"https:\/\/visegradlegal.hu\/wp-content\/uploads\/2021\/01\/Illes-Ugyvedi-Iroda-og.jpg","type":"image\/jpeg"}],"twitter_card":"summary_large_image","twitter_misc":{"Est. reading time":"6 minutes"},"schema":{"@context":"https:\/\/schema.org","@graph":[{"@type":"WebPage","@id":"https:\/\/visegradlegal.hu\/en\/privacy-notice-on-data-management-in-relation-to-electronic-newsletters\/","url":"https:\/\/visegradlegal.hu\/en\/privacy-notice-on-data-management-in-relation-to-electronic-newsletters\/","name":"Privacy notice on data management in relation to electronic newsletters","isPartOf":{"@id":"https:\/\/visegradlegal.hu\/#website"},"datePublished":"2021-06-24T18:58:48+00:00","dateModified":"2024-10-09T08:49:44+00:00","description":"Adatkezel\u00e9si t\u00e1j\u00e9koztat\u00f3","breadcrumb":{"@id":"https:\/\/visegradlegal.hu\/en\/privacy-notice-on-data-management-in-relation-to-electronic-newsletters\/#breadcrumb"},"inLanguage":"en-US","potentialAction":[{"@type":"ReadAction","target":["https:\/\/visegradlegal.hu\/en\/privacy-notice-on-data-management-in-relation-to-electronic-newsletters\/"]}]},{"@type":"BreadcrumbList","@id":"https:\/\/visegradlegal.hu\/en\/privacy-notice-on-data-management-in-relation-to-electronic-newsletters\/#breadcrumb","itemListElement":[{"@type":"ListItem","position":1,"name":"Home","item":"https:\/\/visegradlegal.hu\/"},{"@type":"ListItem","position":2,"name":"Privacy notice on data management in relation to electronic newsletters"}]},{"@type":"WebSite","@id":"https:\/\/visegradlegal.hu\/#website","url":"https:\/\/visegradlegal.hu\/","name":"Ill\u00e9s&N\u00e9meth Association of Lawyers","description":"","potentialAction":[{"@type":"SearchAction","target":{"@type":"EntryPoint","urlTemplate":"https:\/\/visegradlegal.hu\/?s={search_term_string}"},"query-input":{"@type":"PropertyValueSpecification","valueRequired":true,"valueName":"search_term_string"}}],"inLanguage":"en-US"}]}},"_links":{"self":[{"href":"https:\/\/visegradlegal.hu\/en\/wp-json\/wp\/v2\/pages\/27097","targetHints":{"allow":["GET"]}}],"collection":[{"href":"https:\/\/visegradlegal.hu\/en\/wp-json\/wp\/v2\/pages"}],"about":[{"href":"https:\/\/visegradlegal.hu\/en\/wp-json\/wp\/v2\/types\/page"}],"author":[{"embeddable":true,"href":"https:\/\/visegradlegal.hu\/en\/wp-json\/wp\/v2\/users\/1"}],"replies":[{"embeddable":true,"href":"https:\/\/visegradlegal.hu\/en\/wp-json\/wp\/v2\/comments?post=27097"}],"version-history":[{"count":0,"href":"https:\/\/visegradlegal.hu\/en\/wp-json\/wp\/v2\/pages\/27097\/revisions"}],"wp:attachment":[{"href":"https:\/\/visegradlegal.hu\/en\/wp-json\/wp\/v2\/media?parent=27097"}],"curies":[{"name":"wp","href":"https:\/\/api.w.org\/{rel}","templated":true}]}}