{"id":29279,"date":"2017-03-29T08:13:52","date_gmt":"2017-03-29T08:13:52","guid":{"rendered":"https:\/\/visegradlegal.hu\/impresszum\/"},"modified":"2026-04-09T08:19:57","modified_gmt":"2026-04-09T08:19:57","slug":"impressum","status":"publish","type":"page","link":"https:\/\/visegradlegal.hu\/de\/impressum\/","title":{"rendered":"Impressum"},"content":{"rendered":"<p>[et_pb_section fb_built=&#8220;1&#8243; _builder_version=&#8220;4.16&#8243; custom_padding=&#8220;20px||0px|&#8220; transparent_background=&#8220;off&#8220; make_fullwidth=&#8220;off&#8220; use_custom_width=&#8220;off&#8220; width_unit=&#8220;on&#8220; global_colors_info=&#8220;{}&#8220;][et_pb_row _builder_version=&#8220;4.16&#8243; background_size=&#8220;initial&#8220; background_position=&#8220;top_left&#8220; background_repeat=&#8220;repeat&#8220; global_colors_info=&#8220;{}&#8220;][et_pb_column type=&#8220;4_4&#8243; _builder_version=&#8220;4.16&#8243; custom_padding=&#8220;|||&#8220; global_colors_info=&#8220;{}&#8220; custom_padding__hover=&#8220;|||&#8220;][et_pb_text _builder_version=&#8220;4.27.6&#8243; text_text_color=&#8220;#ea2043&#8243; text_font_size=&#8220;34&#8243; background_size=&#8220;initial&#8220; background_position=&#8220;top_left&#8220; background_repeat=&#8220;repeat&#8220; text_orientation=&#8220;center&#8220; module_alignment=&#8220;center&#8220; text_font_size_tablet=&#8220;22&#8243; text_font_size_phone=&#8220;&#8220; text_font_size_last_edited=&#8220;on|phone&#8220; use_border_color=&#8220;off&#8220; border_color=&#8220;#ffffff&#8220; border_style=&#8220;solid&#8220; global_colors_info=&#8220;{}&#8220;]<\/p>\n<p><strong>IMPRESSUM<\/strong><\/p>\n<p>[\/et_pb_text][\/et_pb_column][\/et_pb_row][\/et_pb_section][et_pb_section fb_built=&#8220;1&#8243; _builder_version=&#8220;4.16&#8243; global_colors_info=&#8220;{}&#8220;][et_pb_row _builder_version=&#8220;4.16&#8243; background_size=&#8220;initial&#8220; background_position=&#8220;top_left&#8220; background_repeat=&#8220;repeat&#8220; global_colors_info=&#8220;{}&#8220;][et_pb_column type=&#8220;4_4&#8243; _builder_version=&#8220;4.16&#8243; custom_padding=&#8220;|||&#8220; global_colors_info=&#8220;{}&#8220; custom_padding__hover=&#8220;|||&#8220;][et_pb_text _builder_version=&#8220;4.27.6&#8243; background_size=&#8220;initial&#8220; background_position=&#8220;top_left&#8220; background_repeat=&#8220;repeat&#8220; use_border_color=&#8220;off&#8220; global_colors_info=&#8220;{}&#8220;]<\/p>\n<table width=\"727\">\n<tbody>\n<tr>\n<td width=\"217\">Name des Dienstleisters:<\/td>\n<td width=\"255\">Ill\u00e9s \u00c1d\u00e1m Anwaltskanzlei<\/td>\n<td width=\"255\">N\u00e9meth J\u00f3zsef Anwaltskanzlei<\/td>\n<\/tr>\n<tr>\n<td width=\"217\">Sitz des Dienstleisters:<\/td>\n<td width=\"255\">H-1052 Budapest, Semmelweis utca 14. III\/11.<\/td>\n<td width=\"255\">H-1052 Budapest, Semmelweis utca 14. III\/11.<\/td>\n<\/tr>\n<tr>\n<td width=\"217\">Kontaktdaten des Dienstleisters:<\/td>\n<td width=\"255\">+36 1\u00a0792 6744<\/td>\n<td width=\"255\">+361 787 2136<\/td>\n<\/tr>\n<tr>\n<td width=\"217\">Registrierungsbeh\u00f6rde:<\/td>\n<td width=\"255\">Anwaltskammer Budapest<\/td>\n<td width=\"255\">Anwaltskammer Budapest<\/td>\n<\/tr>\n<tr>\n<td width=\"217\">Steuernummer:<\/td>\n<td width=\"255\">18397468-2-41<\/td>\n<td width=\"255\">18409318-2-41<\/td>\n<\/tr>\n<tr>\n<td width=\"217\">Beh\u00f6rdliche Genehmigung:<\/td>\n<td width=\"255\">&#8211;<\/td>\n<td width=\"255\">&#8211;<\/td>\n<\/tr>\n<tr>\n<td>Kammer:<\/td>\n<td>Anwaltskammer Budapest<\/td>\n<td>Anwaltskammer Budapest<\/td>\n<\/tr>\n<\/tbody>\n<\/table>\n<p>&nbsp;<\/p>\n<p>Webhoster:<\/p>\n<p style=\"padding-left: 30px;\">Name: Inclust Systems Kft.<br \/>Sitz: H-1054 Budapest, Honv\u00e9d utca 8. 1\/2.<br \/>Steuernummer: 14492327-2-41<br \/>E-mail: support@inclust.com<\/p>\n<p>[\/et_pb_text][\/et_pb_column][\/et_pb_row][\/et_pb_section]<\/p>\n","protected":false},"excerpt":{"rendered":"<p>IMPRESSUM Name des Dienstleisters: Ill\u00e9s \u00c1d\u00e1m Anwaltskanzlei N\u00e9meth J\u00f3zsef Anwaltskanzlei Sitz des Dienstleisters: H-1052 Budapest, Semmelweis utca 14. III\/11. H-1052 Budapest, Semmelweis utca 14. III\/11. Kontaktdaten des Dienstleisters: +36 1\u00a0792 6744 +361 787 2136 Registrierungsbeh\u00f6rde: Anwaltskammer Budapest Anwaltskammer Budapest Steuernummer: 18397468-2-41 18409318-2-41 Beh\u00f6rdliche Genehmigung: &#8211; &#8211; Kammer: Anwaltskammer Budapest Anwaltskammer Budapest &nbsp; Webhoster: Name: Inclust [&hellip;]<\/p>\n","protected":false},"author":1,"featured_media":0,"parent":0,"menu_order":0,"comment_status":"closed","ping_status":"closed","template":"","meta":{"_et_pb_use_builder":"on","_et_pb_old_content":"","_et_gb_content_width":"","footnotes":""},"class_list":["post-29279","page","type-page","status-publish","hentry"],"yoast_head":"<!-- This site is optimized with the Yoast SEO plugin v27.2 - https:\/\/yoast.com\/product\/yoast-seo-wordpress\/ -->\n<title>Impressum - Ill\u00e9s &amp; N\u00e9meth Anwaltssoziet\u00e4t<\/title>\n<meta name=\"robots\" content=\"index, follow, max-snippet:-1, max-image-preview:large, max-video-preview:-1\" \/>\n<link rel=\"canonical\" href=\"https:\/\/visegradlegal.hu\/de\/impressum\/\" \/>\n<meta property=\"og:locale\" content=\"de_DE\" \/>\n<meta property=\"og:type\" content=\"article\" \/>\n<meta property=\"og:title\" content=\"Impressum - Ill\u00e9s &amp; N\u00e9meth Anwaltssoziet\u00e4t\" \/>\n<meta property=\"og:description\" content=\"IMPRESSUM Name des Dienstleisters: Ill\u00e9s \u00c1d\u00e1m Anwaltskanzlei N\u00e9meth J\u00f3zsef Anwaltskanzlei Sitz des Dienstleisters: H-1052 Budapest, Semmelweis utca 14. III\/11. H-1052 Budapest, Semmelweis utca 14. III\/11. Kontaktdaten des Dienstleisters: +36 1\u00a0792 6744 +361 787 2136 Registrierungsbeh\u00f6rde: Anwaltskammer Budapest Anwaltskammer Budapest Steuernummer: 18397468-2-41 18409318-2-41 Beh\u00f6rdliche Genehmigung: - - Kammer: Anwaltskammer Budapest Anwaltskammer Budapest &nbsp; Webhoster: Name: Inclust [&hellip;]\" \/>\n<meta property=\"og:url\" content=\"https:\/\/visegradlegal.hu\/de\/impressum\/\" \/>\n<meta property=\"og:site_name\" content=\"Ill\u00e9s &amp; N\u00e9meth \u00dcgyv\u00e9di T\u00e1rsul\u00e1s\" \/>\n<meta property=\"article:modified_time\" content=\"2026-04-09T08:19:57+00:00\" \/>\n<meta property=\"og:image\" content=\"https:\/\/visegradlegal.hu\/wp-content\/uploads\/2021\/01\/Illes-Ugyvedi-Iroda-og.jpg\" \/>\n\t<meta property=\"og:image:width\" content=\"1125\" \/>\n\t<meta property=\"og:image:height\" content=\"633\" \/>\n\t<meta property=\"og:image:type\" content=\"image\/jpeg\" \/>\n<meta name=\"twitter:card\" content=\"summary_large_image\" \/>\n<meta name=\"twitter:label1\" content=\"Gesch\u00e4tzte Lesezeit\" \/>\n\t<meta name=\"twitter:data1\" content=\"1\u00a0Minute\" \/>\n<script type=\"application\/ld+json\" class=\"yoast-schema-graph\">{\"@context\":\"https:\/\/schema.org\",\"@graph\":[{\"@type\":\"WebPage\",\"@id\":\"https:\/\/visegradlegal.hu\/de\/impressum\/\",\"url\":\"https:\/\/visegradlegal.hu\/de\/impressum\/\",\"name\":\"Impressum - Ill\u00e9s & N\u00e9meth Anwaltssoziet\u00e4t\",\"isPartOf\":{\"@id\":\"https:\/\/visegradlegal.hu\/#website\"},\"datePublished\":\"2017-03-29T08:13:52+00:00\",\"dateModified\":\"2026-04-09T08:19:57+00:00\",\"breadcrumb\":{\"@id\":\"https:\/\/visegradlegal.hu\/de\/impressum\/#breadcrumb\"},\"inLanguage\":\"de\",\"potentialAction\":[{\"@type\":\"ReadAction\",\"target\":[\"https:\/\/visegradlegal.hu\/de\/impressum\/\"]}]},{\"@type\":\"BreadcrumbList\",\"@id\":\"https:\/\/visegradlegal.hu\/de\/impressum\/#breadcrumb\",\"itemListElement\":[{\"@type\":\"ListItem\",\"position\":1,\"name\":\"Home\",\"item\":\"https:\/\/visegradlegal.hu\/\"},{\"@type\":\"ListItem\",\"position\":2,\"name\":\"Impressum\"}]},{\"@type\":\"WebSite\",\"@id\":\"https:\/\/visegradlegal.hu\/#website\",\"url\":\"https:\/\/visegradlegal.hu\/\",\"name\":\"Ill\u00e9s &amp; N\u00e9meth \u00dcgyv\u00e9di T\u00e1rsul\u00e1s\",\"description\":\"\",\"potentialAction\":[{\"@type\":\"SearchAction\",\"target\":{\"@type\":\"EntryPoint\",\"urlTemplate\":\"https:\/\/visegradlegal.hu\/?s={search_term_string}\"},\"query-input\":{\"@type\":\"PropertyValueSpecification\",\"valueRequired\":true,\"valueName\":\"search_term_string\"}}],\"inLanguage\":\"de\"}]}<\/script>\n<!-- \/ Yoast SEO plugin. -->","yoast_head_json":{"title":"Impressum - Ill\u00e9s & N\u00e9meth Anwaltssoziet\u00e4t","robots":{"index":"index","follow":"follow","max-snippet":"max-snippet:-1","max-image-preview":"max-image-preview:large","max-video-preview":"max-video-preview:-1"},"canonical":"https:\/\/visegradlegal.hu\/de\/impressum\/","og_locale":"de_DE","og_type":"article","og_title":"Impressum - Ill\u00e9s & N\u00e9meth Anwaltssoziet\u00e4t","og_description":"IMPRESSUM Name des Dienstleisters: Ill\u00e9s \u00c1d\u00e1m Anwaltskanzlei N\u00e9meth J\u00f3zsef Anwaltskanzlei Sitz des Dienstleisters: H-1052 Budapest, Semmelweis utca 14. III\/11. H-1052 Budapest, Semmelweis utca 14. III\/11. Kontaktdaten des Dienstleisters: +36 1\u00a0792 6744 +361 787 2136 Registrierungsbeh\u00f6rde: Anwaltskammer Budapest Anwaltskammer Budapest Steuernummer: 18397468-2-41 18409318-2-41 Beh\u00f6rdliche Genehmigung: - - Kammer: Anwaltskammer Budapest Anwaltskammer Budapest &nbsp; Webhoster: Name: Inclust [&hellip;]","og_url":"https:\/\/visegradlegal.hu\/de\/impressum\/","og_site_name":"Ill\u00e9s &amp; N\u00e9meth \u00dcgyv\u00e9di T\u00e1rsul\u00e1s","article_modified_time":"2026-04-09T08:19:57+00:00","og_image":[{"width":1125,"height":633,"url":"https:\/\/visegradlegal.hu\/wp-content\/uploads\/2021\/01\/Illes-Ugyvedi-Iroda-og.jpg","type":"image\/jpeg"}],"twitter_card":"summary_large_image","twitter_misc":{"Gesch\u00e4tzte Lesezeit":"1\u00a0Minute"},"schema":{"@context":"https:\/\/schema.org","@graph":[{"@type":"WebPage","@id":"https:\/\/visegradlegal.hu\/de\/impressum\/","url":"https:\/\/visegradlegal.hu\/de\/impressum\/","name":"Impressum - Ill\u00e9s & N\u00e9meth Anwaltssoziet\u00e4t","isPartOf":{"@id":"https:\/\/visegradlegal.hu\/#website"},"datePublished":"2017-03-29T08:13:52+00:00","dateModified":"2026-04-09T08:19:57+00:00","breadcrumb":{"@id":"https:\/\/visegradlegal.hu\/de\/impressum\/#breadcrumb"},"inLanguage":"de","potentialAction":[{"@type":"ReadAction","target":["https:\/\/visegradlegal.hu\/de\/impressum\/"]}]},{"@type":"BreadcrumbList","@id":"https:\/\/visegradlegal.hu\/de\/impressum\/#breadcrumb","itemListElement":[{"@type":"ListItem","position":1,"name":"Home","item":"https:\/\/visegradlegal.hu\/"},{"@type":"ListItem","position":2,"name":"Impressum"}]},{"@type":"WebSite","@id":"https:\/\/visegradlegal.hu\/#website","url":"https:\/\/visegradlegal.hu\/","name":"Ill\u00e9s &amp; N\u00e9meth \u00dcgyv\u00e9di T\u00e1rsul\u00e1s","description":"","potentialAction":[{"@type":"SearchAction","target":{"@type":"EntryPoint","urlTemplate":"https:\/\/visegradlegal.hu\/?s={search_term_string}"},"query-input":{"@type":"PropertyValueSpecification","valueRequired":true,"valueName":"search_term_string"}}],"inLanguage":"de"}]}},"_links":{"self":[{"href":"https:\/\/visegradlegal.hu\/de\/wp-json\/wp\/v2\/pages\/29279","targetHints":{"allow":["GET"]}}],"collection":[{"href":"https:\/\/visegradlegal.hu\/de\/wp-json\/wp\/v2\/pages"}],"about":[{"href":"https:\/\/visegradlegal.hu\/de\/wp-json\/wp\/v2\/types\/page"}],"author":[{"embeddable":true,"href":"https:\/\/visegradlegal.hu\/de\/wp-json\/wp\/v2\/users\/1"}],"replies":[{"embeddable":true,"href":"https:\/\/visegradlegal.hu\/de\/wp-json\/wp\/v2\/comments?post=29279"}],"version-history":[{"count":5,"href":"https:\/\/visegradlegal.hu\/de\/wp-json\/wp\/v2\/pages\/29279\/revisions"}],"predecessor-version":[{"id":29380,"href":"https:\/\/visegradlegal.hu\/de\/wp-json\/wp\/v2\/pages\/29279\/revisions\/29380"}],"wp:attachment":[{"href":"https:\/\/visegradlegal.hu\/de\/wp-json\/wp\/v2\/media?parent=29279"}],"curies":[{"name":"wp","href":"https:\/\/api.w.org\/{rel}","templated":true}]}}